{"id":808,"date":"2020-11-09T11:15:32","date_gmt":"2020-11-09T11:15:32","guid":{"rendered":"https:\/\/qantumthemes.xyz\/kentha\/demo11\/dj\/"},"modified":"2021-05-14T10:44:05","modified_gmt":"2021-05-14T10:44:05","slug":"dj","status":"publish","type":"page","link":"https:\/\/javisaxo.com\/index.php\/dj\/","title":{"rendered":"DJ"},"content":{"rendered":"\t\t<div data-elementor-type=\"wp-page\" data-elementor-id=\"808\" class=\"elementor elementor-808\" data-elementor-settings=\"[]\">\n\t\t\t\t\t\t<div class=\"elementor-inner\">\n\t\t\t\t\t\t\t<div class=\"elementor-section-wrap\">\n\t\t\t\t\t\t\t<section class=\"elementor-section elementor-top-section elementor-element elementor-element-4d1976a elementor-section-boxed elementor-section-height-default elementor-section-height-default\" data-id=\"4d1976a\" data-element_type=\"section\" data-settings=\"{&quot;background_background&quot;:&quot;classic&quot;}\">\n\t\t\t\t\t\t\t<div class=\"elementor-background-overlay\"><\/div>\n\t\t\t\t\t\t\t<div class=\"elementor-container elementor-column-gap-default\">\n\t\t\t\t\t\t\t<div class=\"elementor-row\">\n\t\t\t\t\t<div class=\"elementor-column elementor-col-100 elementor-top-column elementor-element elementor-element-7faa2c7\" data-id=\"7faa2c7\" data-element_type=\"column\">\n\t\t\t<div class=\"elementor-column-wrap elementor-element-populated\">\n\t\t\t\t\t\t\t<div class=\"elementor-widget-wrap\">\n\t\t\t\t\t\t<div class=\"elementor-element elementor-element-d04f327 elementor-widget elementor-widget-kentha-elementor-section-caption\" data-id=\"d04f327\" data-element_type=\"widget\" data-widget_type=\"kentha-elementor-section-caption.default\">\n\t\t\t\t<div class=\"elementor-widget-container\">\n\t\t\t\t\t<h2 id=\"qttabseabc-repertorio\" class=\"qt-center qt-qttabseabc-repertorio qt-textfx-wrap qt-fontsize-h1\">\n\t\t\t\t\t\t\t\t\t<span class=\"qt-txtfx qt-txtfx--paris\"><span data-letters-l=\"REPER\" data-letters-r=\"TORIO\">REPERTORIO<\/span><\/span>\n\t\t\t\t\t\t\t\t<\/h2>\n\t\t\t\t<div data-kentha-customstyles=\"\/* Shortcode dynamically generated CSS *\/\n\t\t\t\t\t.qt-qttabseabc-repertorio .qt-txtfx--paris { color: #FFFFFF61}\n\t\t\t\t\t.qt-qttabseabc-repertorio .qt-txtfx--paris span::before, .qt-qttabseabc-repertorio .qt-txtfx--paris span::after { color: #FFFFFF}\n\t\t\t\t\t.qt-qttabseabc-repertorio .qt-txtfx--paris::before, .qt-qttabseabc-repertorio .qt-txtfx--paris::after { background: #FF0D51}\"><\/div>\n\t\t\t\t<\/div>\n\t\t\t\t<\/div>\n\t\t\t\t<section class=\"elementor-section elementor-inner-section elementor-element elementor-element-20ee702 elementor-section-boxed elementor-section-height-default elementor-section-height-default\" data-id=\"20ee702\" data-element_type=\"section\" data-settings=\"{&quot;background_background&quot;:&quot;classic&quot;}\">\n\t\t\t\t\t\t<div class=\"elementor-container elementor-column-gap-default\">\n\t\t\t\t\t\t\t<div class=\"elementor-row\">\n\t\t\t\t\t<div class=\"elementor-column elementor-col-100 elementor-inner-column elementor-element elementor-element-c480b3d\" data-id=\"c480b3d\" data-element_type=\"column\" data-settings=\"{&quot;background_background&quot;:&quot;gradient&quot;}\">\n\t\t\t<div class=\"elementor-column-wrap elementor-element-populated\">\n\t\t\t\t\t\t\t<div class=\"elementor-widget-wrap\">\n\t\t\t\t\t\t<div class=\"elementor-element elementor-element-c61f04d elementor-widget elementor-widget-text-editor\" data-id=\"c61f04d\" data-element_type=\"widget\" data-widget_type=\"text-editor.default\">\n\t\t\t\t<div class=\"elementor-widget-container\">\n\t\t\t\t\t\t\t\t<div class=\"elementor-text-editor elementor-clearfix\">\n\t\t\t\t\t<p><em>***Si la canci\u00f3n que buscas no est\u00e1 en la lista, p\u00eddemela con antelaci\u00f3n y la incluir\u00e9 para tu evento sin problema.***<\/em><\/p><p>\u00a0<\/p><p><strong><span style=\"text-decoration: underline;\">Lista de temas en orden alfab\u00e9tico:<\/span><\/strong><\/p>\t\t\t\t\t<\/div>\n\t\t\t\t\t\t<\/div>\n\t\t\t\t<\/div>\n\t\t\t\t<div class=\"elementor-element elementor-element-d60a8b0 elementor-widget elementor-widget-text-editor\" data-id=\"d60a8b0\" data-element_type=\"widget\" data-widget_type=\"text-editor.default\">\n\t\t\t\t<div class=\"elementor-widget-container\">\n\t\t\t\t\t\t\t\t<div class=\"elementor-text-editor elementor-clearfix\">\n\t\t\t\t\t<p><strong><em>Air on the G string<\/em><\/strong>. J.S. Bach\u00a0<em>(cl\u00e1sica\/barroco)<\/em><\/p><p><strong><em>Algo contigo<\/em><\/strong>. C. Navarro \/ Rosario\u00a0<em>(rumba)<\/em><\/p><p><strong><em>All about that bass<\/em><\/strong>. M. Trainor\u00a0<em>(pop)<\/em><\/p><p><strong><em>All by myself<\/em><\/strong>. E. Carmen \/ C. Dion\u00a0<em>(balada pop-rock)<\/em><\/p><p><strong><em>Amor, amor, amor<\/em><\/strong>. Versi\u00f3n de L. Miguel\u00a0<em>(pop latino)<\/em><\/p><p><strong><em>Arioso<\/em><\/strong>. J.S. Bach\u00a0<em>(cl\u00e1sica\/barroco)<\/em><\/p><p><strong><em>Arthur\u2019s theme<\/em><\/strong>. C. Cross\u00a0<em>(soft rock)<\/em><\/p><p><strong><em>Ave Mar\u00eda<\/em><\/strong>. Gounod \/ J.S. Bach\u00a0<em>(cl\u00e1sica\/barroco)<\/em><\/p><p><strong><em>Ave Mar\u00eda<\/em><\/strong>. Schubert\u00a0<em>(cl\u00e1sica)<\/em><\/p><p><strong><em>Bailar Pegados<\/em><\/strong>. S. Dalma\u00a0<em>(balada pop)<\/em><\/p><p><strong><em>Believe<\/em><\/strong>. Cher\u00a0<em>(dance)<\/em><\/p><p><strong><em>B\u00e9same mucho<\/em><\/strong>. C. Vel\u00e1zquez\u00a0<em>(bolero)<\/em><\/p><p><strong><em>Black is black<\/em><\/strong>. Los Bravos\u00a0<em>(pop-rock)<\/em><\/p><p><strong><em>Blinding Lights<\/em><\/strong>. The Weeknd\u00a0<em>(electropop ochentero)<\/em><\/p><p><strong><em>Break free<\/em><\/strong>. A. Grande\u00a0<em>(dance)<\/em><\/p><p><strong><em>Break my heart<\/em><\/strong>. Dua Lipa\u00a0<em>(dance\/disco)<\/em><\/p><p><strong><em>Cake by the Ocean<\/em><\/strong>. DNCE\u00a0<em>(pop-dance)<\/em><\/p><p><strong><em>Can\u2019t help falling in love<\/em><\/strong>. Elvis\u00a0<em>(pop-rock\/soft-rock)<\/em><\/p><p><strong><em>Chiquilla<\/em><\/strong>. Seguridad Social\u00a0<em>(rock)<\/em><\/p><p><strong><em>Contam\u00edname<\/em><\/strong>. P. Guerra \/ Ana Bel\u00e9n\u00a0<em>(versi\u00f3n reggaet\u00f3n)<\/em><\/p><p><strong><em>Dance Monkey<\/em><\/strong>. Tones and I\u00a0<em>(dance)<\/em><\/p><p><strong><em>Don\u2019t stop believin\u2019<\/em><\/strong>. Journey\u00a0<em>(rock-AOR)<\/em><\/p><p><strong><em>Don\u2019t you worry child<\/em><\/strong>. Swedish House Mafia\u00a0<em>(dance\/house)<\/em><\/p><p><strong><em>Dos Gardenias<\/em><\/strong>. I. Carrillo\u00a0<em>(bolero)<\/em><\/p><p><strong><em>Estando contigo \/ T\u00f3mbola<\/em><\/strong>. Marisol\u00a0<em>(pop)<\/em><\/p><p><strong><em>Euphoria<\/em><\/strong>. Loreen\u00a0<em>(dance)<\/em><\/p><p><strong><em>F**k you<\/em><\/strong>. C. Green\u00a0<em>(neo-soul)<\/em><\/p><p><strong><em>Firework<\/em><\/strong>. K. Perry\u00a0<em>(pop)<\/em><\/p><p><strong><em>Freed from desire<\/em><\/strong>. Gala\u00a0<em>(dance)<\/em><\/p><p><strong><em>Gabriel\u2019s oboe (La Misi\u00f3n)<\/em><\/strong>. E. Morricone\u00a0<em>(cl\u00e1sica)<\/em><\/p><p><strong><em>Girl on Fire<\/em><\/strong>. A. Keys\u00a0<em>(soul\/R&amp;B)<\/em><\/p><p><strong><em>Go your own way<\/em><\/strong>. Fleetwood Mac \/ Cranberries\u00a0<em>(rock)<\/em><\/p><p><strong><em>Hallelujah<\/em><\/strong>. Himno\u00a0<em>(gospel\/pop)<\/em><\/p><p><strong><em>Hasta mi final<\/em><\/strong>. Il Divo\u00a0<em>(balada pop)<\/em><\/p><p><strong><em>Have you ever seen the rain<\/em><\/strong>. Rod Stewart\u00a0<em>(country rock)<\/em><\/p><p><strong><em>Heaven<\/em><\/strong>. Bryan Adams\u00a0<em>(balada soft-rock)<\/em><\/p><p><strong><em>Historia de un amor<\/em><\/strong>. Luis Miguel\u00a0<em>(bolero)<\/em><\/p><p><strong><em>How deep is your love<\/em><\/strong>. Calvin Harris\u00a0<em>(house)<\/em><\/p><p><strong><em>I wanna dance with somebody<\/em><\/strong>. W. Houston\u00a0<em>(80\u2019s pop)<\/em><\/p><p><strong><em>Isn\u2019t she lovely<\/em><\/strong>. S. Wonder\u00a0<em>(R&amp;B\/jazz)<\/em><\/p><p><strong><em>It must have been love (Pretty Woman)<\/em><\/strong>. Roxette\u00a0<em>(balada pop-rock)<\/em><\/p><p><strong><em>It\u2019s not unusual<\/em><\/strong>. Tom Jones\u00a0<em>(pop-soul)<\/em><\/p><p><strong><em>Jesu, Joy of man\u2019s desiring<\/em><\/strong>. J.S. Bach\u00a0<em>(cl\u00e1sica\/barroco)<\/em><\/p><p><strong><em>Jolene<\/em><\/strong>. Dolly Parton\u00a0<em>(country)<\/em><\/p><p><strong><em>Jupiter (chorale)<\/em><\/strong>. G. Holst\u00a0<em>(cl\u00e1sica)<\/em><\/p><p><strong><em>Kiss from a Rose<\/em><\/strong>. Seal\u00a0<em>(pop\/soul)<\/em><\/p><p><strong><em>La chica de Ipanema<\/em><\/strong>. A.C. Jobim\u00a0<em>(bossa nova)<\/em><\/p><p><strong><em>La Tormenta<\/em><\/strong>. Pastora Soler\u00a0<em>(pop)<\/em><\/p><p><strong><em>Let it go (Frozen)<\/em><\/strong>. Demi Lovato\u00a0<em>(pop)<\/em><\/p><p><strong><em>Lily was Here<\/em><\/strong>. D. Stewart \/ C. Dulfer\u00a0<em>(smooth jazz)<\/em><\/p><p><strong><em>Livin\u2019 on a prayer<\/em><\/strong>. Bon Jovi\u00a0<em>(rock)<\/em><\/p><p><strong><em>Love never felt so Good<\/em><\/strong>. M. Jackson\u00a0<em>(disco)<\/em><\/p><p><strong><em>Maniac (Flashdance)<\/em><\/strong>. M. Sembello\u00a0\u00a0<em>(80\u2019s pop)<\/em><\/p><p><strong><em>Macha nupcial<\/em><\/strong>. F. Mendelssohn\u00a0<em>(cl\u00e1sica)<\/em><\/p><p><strong><em>Marry you<\/em><\/strong>. Bruno Mars\u00a0<em>(pop)<\/em><\/p><p><strong><em>M\u00e1s que nada<\/em><\/strong>. Jorge Ben\u00a0<em>(samba)<\/em><\/p><p><strong><em>Moondance<\/em><\/strong>. Van Morrison \/ Michael Bubble\u00a0<em>(jazz)<\/em><\/p><p><strong><em>More than a feeling<\/em><\/strong>. Boston\u00a0<em>(AOR-rock)<\/em><\/p><p><strong><em>Morning Dance<\/em><\/strong>. Spyro Gyra\u00a0<em>(jazz fusi\u00f3n)<\/em><\/p><p><strong><em>Mrs. Robinson<\/em><\/strong>. Simon &amp; Garfunkel\u00a0<em>(folk rock)<\/em><\/p><p><strong><em>My favourite things<\/em><\/strong>. R. Rodgers\u00a0<em>(vals jazz)<\/em><\/p><p><strong><em>Ni t\u00fa ni nadie<\/em><\/strong>. Alaska\u00a0<em>(80\u2019s electropop)<\/em><\/p><p><strong><em>Nothing else matters<\/em><\/strong>. Metallica \/ L. Silvas\u00a0<em>(power ballad)<\/em><\/p><p><strong><em>Oh happy day<\/em><\/strong>. Himno\u00a0<em>(gospel)<\/em><\/p><p><strong><em>Patience<\/em><\/strong>. Take That\u00a0<em>(pop)<\/em><\/p><p><strong><em>Put Your Records On<\/em><\/strong>. Corinne Bailey Rae\u00a0<em>(pop\/soul)<\/em><\/p><p><strong><em>Rock with you<\/em><\/strong>. M. Jackson\u00a0<em>(disco)<\/em><\/p><p><strong><em>Sabor de amor<\/em><\/strong>. Danza Invisible\u00a0<em>(pop)<\/em><\/p><p><strong><em>Santa Luc\u00eda<\/em><\/strong>. M. R\u00edos\u00a0<em>(balada pop-rock)<\/em><\/p><p><strong><em>Somebody that I used to know<\/em><\/strong>. Gotye \/ Kimbra\u00a0<em>(indie pop)<\/em><\/p><p><strong><em>Sorry<\/em><\/strong>. Justin Bieber\u00a0<em>(pop)<\/em><\/p><p><strong><em>Sweet but Psyco<\/em><\/strong>. Ava Max\u00a0<em>(dance-pop)<\/em><\/p><p><strong><em>The Best<\/em><\/strong>. Tina Turner\u00a0<em>(pop-rock)<\/em><\/p><p><strong><em>The rhythm of the night<\/em><\/strong>. Corona\u00a0<em>(dance)<\/em><\/p><p><strong><em>Thinking out loud<\/em><\/strong>. Ed Sheeran\u00a0<em>(balada pop\/soul)<\/em><\/p><p><strong><em>Unchained Melody (Ghost)<\/em><\/strong>. Righteous Brothers\u00a0<em>(balada pop\/soul)<\/em><\/p><p><strong><em>Vas a quedarte<\/em><\/strong>. Aitana\u00a0<em>(pop)<\/em><\/p><p><strong><em>Viento del Norte<\/em><\/strong>. Nando Ag\u00fceros\u00a0<em>(regional\/folk)<\/em><\/p><p><strong><em>Viva la vida<\/em><\/strong>. Coldplay\u00a0<em>(pop)<\/em><\/p><p><strong><em>Vivo por ella<\/em><\/strong>. Andrea Bocelli\u00a0<em>(balada pop)<\/em><\/p><p><strong><em>Want to want me<\/em><\/strong>. Jason Derulo\u00a0<em>(pop-dance)<\/em><\/p><p><strong><em>Wave<\/em><\/strong>. A.C. Jobim\u00a0<em>(bossa nova)<\/em><\/p><p><strong><em>When a man loves a woman<\/em><\/strong>. M. Bolton\u00a0<em>(balada soft-rock\/soul)<\/em><\/p><p><strong><em>When love takes over<\/em><\/strong>. David Guetta\u00a0<em>(dance)<\/em><\/p><p><strong><em>Where have you been<\/em><\/strong>. Rihanna\u00a0<em>(dance)<\/em><\/p><p><strong><em>Yesterday<\/em><\/strong>. The Beatles\u00a0<em>(pop)<\/em><\/p><p><strong><em>You raise me up<\/em><\/strong>. Westlife \/ Josh Groban\u00a0<em>(himno)<\/em><\/p><p><strong><em>Your Song<\/em><\/strong>. Elton John\u00a0<em>(pop)<\/em><\/p>\t\t\t\t\t<\/div>\n\t\t\t\t\t\t<\/div>\n\t\t\t\t<\/div>\n\t\t\t\t\t\t<\/div>\n\t\t\t\t\t<\/div>\n\t\t<\/div>\n\t\t\t\t\t\t\t\t<\/div>\n\t\t\t\t\t<\/div>\n\t\t<\/section>\n\t\t\t\t<div class=\"elementor-element elementor-element-684c656 elementor-align-center elementor-widget elementor-widget-button\" data-id=\"684c656\" data-element_type=\"widget\" data-widget_type=\"button.default\">\n\t\t\t\t<div class=\"elementor-widget-container\">\n\t\t\t\t\t<div class=\"elementor-button-wrapper\">\n\t\t\t<a href=\"https:\/\/javisaxo.com\/\" class=\"elementor-button-link elementor-button elementor-size-sm\" role=\"button\">\n\t\t\t\t\t\t<span class=\"elementor-button-content-wrapper\">\n\t\t\t\t\t\t<span class=\"elementor-button-text\">- VOLVER A LA P\u00c1GINA PRINCIPAL -<\/span>\n\t\t<\/span>\n\t\t\t\t\t<\/a>\n\t\t<\/div>\n\t\t\t\t<\/div>\n\t\t\t\t<\/div>\n\t\t\t\t\t\t<\/div>\n\t\t\t\t\t<\/div>\n\t\t<\/div>\n\t\t\t\t\t\t\t\t<\/div>\n\t\t\t\t\t<\/div>\n\t\t<\/section>\n\t\t\t\t\t\t<\/div>\n\t\t\t\t\t\t<\/div>\n\t\t\t\t\t<\/div>\n\t\t","protected":false},"excerpt":{"rendered":"<p>REPERTORIO ***Si la canci\u00f3n que buscas no est\u00e1 en la lista, p\u00eddemela con antelaci\u00f3n y la incluir\u00e9 para tu evento sin problema.*** \u00a0 Lista de temas en orden alfab\u00e9tico: Air on the G string. J.S. Bach\u00a0(cl\u00e1sica\/barroco) Algo contigo. C. Navarro \/ Rosario\u00a0(rumba) All about that bass. M. Trainor\u00a0(pop) All by [&hellip;]<\/p>\n","protected":false},"author":1,"featured_media":0,"parent":0,"menu_order":0,"comment_status":"closed","ping_status":"closed","template":"page-visualcomposer.php","meta":{"footnotes":""},"class_list":["post-808","page","type-page","status-publish","hentry"],"_links":{"self":[{"href":"https:\/\/javisaxo.com\/index.php\/wp-json\/wp\/v2\/pages\/808","targetHints":{"allow":["GET"]}}],"collection":[{"href":"https:\/\/javisaxo.com\/index.php\/wp-json\/wp\/v2\/pages"}],"about":[{"href":"https:\/\/javisaxo.com\/index.php\/wp-json\/wp\/v2\/types\/page"}],"author":[{"embeddable":true,"href":"https:\/\/javisaxo.com\/index.php\/wp-json\/wp\/v2\/users\/1"}],"replies":[{"embeddable":true,"href":"https:\/\/javisaxo.com\/index.php\/wp-json\/wp\/v2\/comments?post=808"}],"version-history":[{"count":10,"href":"https:\/\/javisaxo.com\/index.php\/wp-json\/wp\/v2\/pages\/808\/revisions"}],"predecessor-version":[{"id":1379,"href":"https:\/\/javisaxo.com\/index.php\/wp-json\/wp\/v2\/pages\/808\/revisions\/1379"}],"wp:attachment":[{"href":"https:\/\/javisaxo.com\/index.php\/wp-json\/wp\/v2\/media?parent=808"}],"curies":[{"name":"wp","href":"https:\/\/api.w.org\/{rel}","templated":true}]}}