{"id":747,"date":"2020-11-08T17:29:55","date_gmt":"2020-11-08T17:29:55","guid":{"rendered":"https:\/\/qantumthemes.xyz\/kentha\/demo11\/band\/"},"modified":"2021-05-14T10:12:47","modified_gmt":"2021-05-14T10:12:47","slug":"band","status":"publish","type":"page","link":"https:\/\/javisaxo.com\/index.php\/band\/","title":{"rendered":"Band"},"content":{"rendered":"\t\t<div data-elementor-type=\"wp-page\" data-elementor-id=\"747\" class=\"elementor elementor-747\" data-elementor-settings=\"[]\">\n\t\t\t\t\t\t<div class=\"elementor-inner\">\n\t\t\t\t\t\t\t<div class=\"elementor-section-wrap\">\n\t\t\t\t\t\t\t<section class=\"elementor-section elementor-top-section elementor-element elementor-element-07b41cc elementor-section-height-full elementor-section-boxed elementor-section-height-default elementor-section-items-middle\" data-id=\"07b41cc\" data-element_type=\"section\" data-settings=\"{&quot;background_background&quot;:&quot;classic&quot;,&quot;shape_divider_bottom&quot;:&quot;tilt&quot;}\">\n\t\t\t\t\t<div class=\"elementor-shape elementor-shape-bottom\" data-negative=\"false\">\n\t\t\t<svg xmlns=\"http:\/\/www.w3.org\/2000\/svg\" viewBox=\"0 0 1000 100\" preserveAspectRatio=\"none\">\n\t<path class=\"elementor-shape-fill\" d=\"M0,6V0h1000v100L0,6z\"\/>\n<\/svg>\t\t<\/div>\n\t\t\t\t\t<div class=\"elementor-container elementor-column-gap-default\">\n\t\t\t\t\t\t\t<div class=\"elementor-row\">\n\t\t\t\t\t<div class=\"elementor-column elementor-col-100 elementor-top-column elementor-element elementor-element-cbd13e7\" data-id=\"cbd13e7\" data-element_type=\"column\">\n\t\t\t<div class=\"elementor-column-wrap elementor-element-populated\">\n\t\t\t\t\t\t\t<div class=\"elementor-widget-wrap\">\n\t\t\t\t\t\t<div class=\"elementor-element elementor-element-d0d70bd elementor-widget elementor-widget-heading\" data-id=\"d0d70bd\" data-element_type=\"widget\" data-widget_type=\"heading.default\">\n\t\t\t\t<div class=\"elementor-widget-container\">\n\t\t\t<h2 class=\"elementor-heading-title elementor-size-xl\">JAVIER RUIZ AMADO<\/h2>\t\t<\/div>\n\t\t\t\t<\/div>\n\t\t\t\t\t\t<\/div>\n\t\t\t\t\t<\/div>\n\t\t<\/div>\n\t\t\t\t\t\t\t\t<\/div>\n\t\t\t\t\t<\/div>\n\t\t<\/section>\n\t\t\t\t<section class=\"elementor-section elementor-top-section elementor-element elementor-element-2f9e3c8 elementor-section-boxed elementor-section-height-default elementor-section-height-default\" data-id=\"2f9e3c8\" data-element_type=\"section\" data-settings=\"{&quot;background_background&quot;:&quot;gradient&quot;}\">\n\t\t\t\t\t\t<div class=\"elementor-container elementor-column-gap-default\">\n\t\t\t\t\t\t\t<div class=\"elementor-row\">\n\t\t\t\t\t<div class=\"elementor-column elementor-col-100 elementor-top-column elementor-element elementor-element-2f1c7cb\" data-id=\"2f1c7cb\" data-element_type=\"column\">\n\t\t\t<div class=\"elementor-column-wrap elementor-element-populated\">\n\t\t\t\t\t\t\t<div class=\"elementor-widget-wrap\">\n\t\t\t\t\t\t<div class=\"elementor-element elementor-element-e22f95d elementor-widget elementor-widget-text-editor\" data-id=\"e22f95d\" data-element_type=\"widget\" data-widget_type=\"text-editor.default\">\n\t\t\t\t<div class=\"elementor-widget-container\">\n\t\t\t\t\t\t\t\t<div class=\"elementor-text-editor elementor-clearfix\">\n\t\t\t\t\t<p>Comienza sus estudios de saxof\u00f3n a los 9 a\u00f1os en el Conservatorio Municipal Ata\u00falfo Argenta de Santander, bajo la tutela de Guillermo Herrero Solano. Aqu\u00ed, acaba el\u00a0<strong>Grado Profesional de M\u00fasica con las m\u00e1s altas calificaciones<\/strong>.<\/p>\t\t\t\t\t<\/div>\n\t\t\t\t\t\t<\/div>\n\t\t\t\t<\/div>\n\t\t\t\t<div class=\"elementor-element elementor-element-0afd962 elementor-widget elementor-widget-text-editor\" data-id=\"0afd962\" data-element_type=\"widget\" data-widget_type=\"text-editor.default\">\n\t\t\t\t<div class=\"elementor-widget-container\">\n\t\t\t\t\t\t\t\t<div class=\"elementor-text-editor elementor-clearfix\">\n\t\t\t\t\t<p>Posteriormente, recibe su formaci\u00f3n musical de Grado Superior entre los conservatorios de San Sebasti\u00e1n (Musikene) y Oviedo (CONSMUPA), contando con las ense\u00f1anzas de profesores como Gabriel Valera, Fco. Javier Rodr\u00edguez, Tom\u00e1s Jerez o Eric Devallon, entre otros. En 2013,\u00a0<strong>termina el Grado Superior de M\u00fasica en Oviedo consiguiendo el Premio de Fin de Carrera \u201c\u00c1ngel Mu\u00f1iz Toca\u201d<\/strong>.<\/p>\t\t\t\t\t<\/div>\n\t\t\t\t\t\t<\/div>\n\t\t\t\t<\/div>\n\t\t\t\t<div class=\"elementor-element elementor-element-d1a9bdb elementor-widget elementor-widget-kentha-elementor-gallery\" data-id=\"d1a9bdb\" data-element_type=\"widget\" data-widget_type=\"kentha-elementor-gallery.default\">\n\t\t\t\t<div class=\"elementor-widget-container\">\n\t\t\t\t\t\t<div class=\"kentha-flexgallery qt-kentha-flexgallery qt-sl qt-flexbin\" data-thumbnail-size=\"l\">\n\t\t\t\t\t\t\t\t\t\t<a href=\"https:\/\/javisaxo.com\/wp-content\/uploads\/2021\/05\/Premios_LaNuevaEspana-scaled.jpg\" class=\"qt-gallery-item\">\n\t\t\t\t\t\t\t<img decoding=\"async\" src=\"https:\/\/javisaxo.com\/wp-content\/uploads\/2021\/05\/Premios_LaNuevaEspana-1600x1413.jpg\" alt=\"Premios_LaNuevaEspa\u00f1a\">\n\t\t\t\t\t\t\t<i class='material-icons'>zoom_in<\/i>\n\t\t\t\t\t\t\t<span class=\"qt-frame\"><\/span>\n\n\t\t\t\t\t\t<\/a>\n\t\t\t\t\t\t\t\t\t\t\t\t<a href=\"https:\/\/javisaxo.com\/wp-content\/uploads\/2021\/05\/diariopremios-scaled.jpg\" class=\"qt-gallery-item\">\n\t\t\t\t\t\t\t<img decoding=\"async\" src=\"https:\/\/javisaxo.com\/wp-content\/uploads\/2021\/05\/diariopremios-1600x1016.jpg\" alt=\"diariopremios\">\n\t\t\t\t\t\t\t<i class='material-icons'>zoom_in<\/i>\n\t\t\t\t\t\t\t<span class=\"qt-frame\"><\/span>\n\n\t\t\t\t\t\t<\/a>\n\t\t\t\t\t\t\t\t\t\t\t\t<a href=\"https:\/\/javisaxo.com\/wp-content\/uploads\/2021\/05\/diploma-scaled.jpg\" class=\"qt-gallery-item\">\n\t\t\t\t\t\t\t<img decoding=\"async\" src=\"https:\/\/javisaxo.com\/wp-content\/uploads\/2021\/05\/diploma-1600x1131.jpg\" alt=\"diploma\">\n\t\t\t\t\t\t\t<i class='material-icons'>zoom_in<\/i>\n\t\t\t\t\t\t\t<span class=\"qt-frame\"><\/span>\n\n\t\t\t\t\t\t<\/a>\n\t\t\t\t\t\t\t\t\t\t\t\t<a href=\"https:\/\/javisaxo.com\/wp-content\/uploads\/2021\/05\/20210514_105651-01-scaled.jpeg\" class=\"qt-gallery-item\">\n\t\t\t\t\t\t\t<img decoding=\"async\" src=\"https:\/\/javisaxo.com\/wp-content\/uploads\/2021\/05\/20210514_105651-01-1600x1600.jpeg\" alt=\"20210514_105651-01\">\n\t\t\t\t\t\t\t<i class='material-icons'>zoom_in<\/i>\n\t\t\t\t\t\t\t<span class=\"qt-frame\"><\/span>\n\n\t\t\t\t\t\t<\/a>\n\t\t\t\t\t\t\t\t\t\t\t\t<a href=\"https:\/\/javisaxo.com\/wp-content\/uploads\/2021\/05\/10462844_10203897169340303_1067318100625500806_n.jpg\" class=\"qt-gallery-item\">\n\t\t\t\t\t\t\t<img decoding=\"async\" src=\"https:\/\/javisaxo.com\/wp-content\/uploads\/2021\/05\/10462844_10203897169340303_1067318100625500806_n.jpg\" alt=\"10462844_10203897169340303_1067318100625500806_n\">\n\t\t\t\t\t\t\t<i class='material-icons'>zoom_in<\/i>\n\t\t\t\t\t\t\t<span class=\"qt-frame\"><\/span>\n\n\t\t\t\t\t\t<\/a>\n\t\t\t\t\t\t\t\t\t<\/div>\n\t\t\t\t<\/div>\n\t\t\t\t<\/div>\n\t\t\t\t<div class=\"elementor-element elementor-element-fe82e37 elementor-widget elementor-widget-text-editor\" data-id=\"fe82e37\" data-element_type=\"widget\" data-widget_type=\"text-editor.default\">\n\t\t\t\t<div class=\"elementor-widget-container\">\n\t\t\t\t\t\t\t\t<div class=\"elementor-text-editor elementor-clearfix\">\n\t\t\t\t\t<p>De forma paralela a su formaci\u00f3n oficial, asiste a\u00a0<strong>cursos de perfeccionamiento y clases magistrales<\/strong>\u00a0de la mano de saxofonistas de renombre internacional como Antonio Felipe Belijar, Claude Delangle, Vincent David, Arno Bornkamp, Julien Petit, Nicolas Prost, Jean-Denis Michat o Christian Wirth, entre otros.<\/p>\t\t\t\t\t<\/div>\n\t\t\t\t\t\t<\/div>\n\t\t\t\t<\/div>\n\t\t\t\t<div class=\"elementor-element elementor-element-c5630ac elementor-widget elementor-widget-text-editor\" data-id=\"c5630ac\" data-element_type=\"widget\" data-widget_type=\"text-editor.default\">\n\t\t\t\t<div class=\"elementor-widget-container\">\n\t\t\t\t\t\t\t\t<div class=\"elementor-text-editor elementor-clearfix\">\n\t\t\t\t\t<p>En cuanto a su\u00a0<strong>experiencia profesional<\/strong>,\u00a0como saxofonista cl\u00e1sico\u00a0se puede destacar su labor en la\u00a0<strong>Banda Municipal de M\u00fasica de Santander<\/strong>\u00a0desde 2017 hasta 2020.<\/p>\t\t\t\t\t<\/div>\n\t\t\t\t\t\t<\/div>\n\t\t\t\t<\/div>\n\t\t\t\t<div class=\"elementor-element elementor-element-89817d9 elementor-widget elementor-widget-text-editor\" data-id=\"89817d9\" data-element_type=\"widget\" data-widget_type=\"text-editor.default\">\n\t\t\t\t<div class=\"elementor-widget-container\">\n\t\t\t\t\t\t\t\t<div class=\"elementor-text-editor elementor-clearfix\">\n\t\t\t\t\t<p>Como saxofonista de m\u00fasica moderna, ha trabajado en\u00a0<strong>orquestas<\/strong>\u00a0como\u00a0<strong>Kosmos<\/strong>\u00a0y\u00a0<strong>La Resistencia<\/strong>\u00a0desde 2014.<\/p>\t\t\t\t\t<\/div>\n\t\t\t\t\t\t<\/div>\n\t\t\t\t<\/div>\n\t\t\t\t<div class=\"elementor-element elementor-element-d7459a9 elementor-widget elementor-widget-text-editor\" data-id=\"d7459a9\" data-element_type=\"widget\" data-widget_type=\"text-editor.default\">\n\t\t\t\t<div class=\"elementor-widget-container\">\n\t\t\t\t\t\t\t\t<div class=\"elementor-text-editor elementor-clearfix\">\n\t\t\t\t\t<p>Ha actuado en gran parte de la geograf\u00eda espa\u00f1ola, adem\u00e1s de haber podido tocar en pa\u00edses como Francia, Alemania o Portugal.<\/p>\t\t\t\t\t<\/div>\n\t\t\t\t\t\t<\/div>\n\t\t\t\t<\/div>\n\t\t\t\t<div class=\"elementor-element elementor-element-c99bbce elementor-widget elementor-widget-kentha-elementor-button\" data-id=\"c99bbce\" data-element_type=\"widget\" data-widget_type=\"kentha-elementor-button.default\">\n\t\t\t\t<div class=\"elementor-widget-container\">\n\t\t\t<p class=\"aligncenter\"><a href=\"https:\/\/javisaxo.com\"  class=\"btn kentha-btn qt-btn  aligncenter \"><span> - VOLVER A LA P\u00c1GINA PRINCIPAL -<\/span><\/a><\/p>\t\t<\/div>\n\t\t\t\t<\/div>\n\t\t\t\t\t\t<\/div>\n\t\t\t\t\t<\/div>\n\t\t<\/div>\n\t\t\t\t\t\t\t\t<\/div>\n\t\t\t\t\t<\/div>\n\t\t<\/section>\n\t\t\t\t\t\t<\/div>\n\t\t\t\t\t\t<\/div>\n\t\t\t\t\t<\/div>\n\t\t","protected":false},"excerpt":{"rendered":"<p>JAVIER RUIZ AMADO Comienza sus estudios de saxof\u00f3n a los 9 a\u00f1os en el Conservatorio Municipal Ata\u00falfo Argenta de Santander, bajo la tutela de Guillermo Herrero Solano. Aqu\u00ed, acaba el\u00a0Grado Profesional de M\u00fasica con las m\u00e1s altas calificaciones. Posteriormente, recibe su formaci\u00f3n musical de Grado Superior entre los conservatorios de [&hellip;]<\/p>\n","protected":false},"author":1,"featured_media":0,"parent":0,"menu_order":0,"comment_status":"closed","ping_status":"closed","template":"page-visualcomposer.php","meta":{"footnotes":""},"class_list":["post-747","page","type-page","status-publish","hentry"],"_links":{"self":[{"href":"https:\/\/javisaxo.com\/index.php\/wp-json\/wp\/v2\/pages\/747","targetHints":{"allow":["GET"]}}],"collection":[{"href":"https:\/\/javisaxo.com\/index.php\/wp-json\/wp\/v2\/pages"}],"about":[{"href":"https:\/\/javisaxo.com\/index.php\/wp-json\/wp\/v2\/types\/page"}],"author":[{"embeddable":true,"href":"https:\/\/javisaxo.com\/index.php\/wp-json\/wp\/v2\/users\/1"}],"replies":[{"embeddable":true,"href":"https:\/\/javisaxo.com\/index.php\/wp-json\/wp\/v2\/comments?post=747"}],"version-history":[{"count":55,"href":"https:\/\/javisaxo.com\/index.php\/wp-json\/wp\/v2\/pages\/747\/revisions"}],"predecessor-version":[{"id":1361,"href":"https:\/\/javisaxo.com\/index.php\/wp-json\/wp\/v2\/pages\/747\/revisions\/1361"}],"wp:attachment":[{"href":"https:\/\/javisaxo.com\/index.php\/wp-json\/wp\/v2\/media?parent=747"}],"curies":[{"name":"wp","href":"https:\/\/api.w.org\/{rel}","templated":true}]}}